{"id":2,"date":"2013-10-15T10:19:10","date_gmt":"2013-10-15T10:19:10","guid":{"rendered":"http:\/\/www.volen.pl\/?page_id=2"},"modified":"2026-04-16T23:34:25","modified_gmt":"2026-04-16T21:34:25","slug":"przykladowa-strona","status":"publish","type":"page","link":"https:\/\/www.volen.pl\/","title":{"rendered":"o co cho..?"},"content":{"rendered":"<p>o co chodzi ? kr\u00f3tko i na temat ?<\/p>\n<p>W 2010 roku spotka\u0142em Ani\u0119. T\u0119 w\u0142a\u015bciw\u0105 kobiet\u0119 w moim \u017cyciu. I dok\u0142adnie zaraz po tym, jak si\u0119 poznali\u015bmy, ruszyli\u015bmy w \u015bwiat.<\/p>\n<p>Na dzie\u0144 dobry by\u0142a Hiszpania, po Hiszpanii W\u0142ochy, dwa razy Pary\u017c. A potem by\u0142o ju\u017c z g\u00f3rki.<\/p>\n<p>Wiadomo, jak jest &#8211; ka\u017cdy ma jak\u0105\u015b prac\u0119, my te\u017c. Jeste\u015bmy limitowani czasowo i finansowo, ale podr\u00f3\u017ce stanowi\u0105 wa\u017cn\u0105 cz\u0119\u015b\u0107 naszego \u017cycia. Lubimy lecie\u0107, jecha\u0107 lub i\u015b\u0107 przed siebie. I jak si\u0119 uda, to tak w\u0142a\u015bnie robimy, pozostawiaj\u0105c za sob\u0105 wszystko to, co wa\u017cne, ale chwilowo nieistotne.<\/p>\n<p>A dla wszystkich tych, kt\u00f3rzy mnie pytali, gdzie byli\u015bmy, co robili\u015bmy, jak by\u0142o, i w\u0142a\u015bciwie po co tam jechali\u015bmy, zacz\u0105\u0142em pisa\u0107 tego bloga.<\/p>\n<p><span style=\"color: #ffbc01;\"><a style=\"color: #ffbc01;\" title=\"nawariata\" href=\"https:\/\/www.volen.pl\/?page_id=630\"><strong>nawariata<\/strong><\/a><\/span> &#8211; podr\u00f3\u017ce ma\u0142e i du\u017ce<\/p>\n<p>Poza podr\u00f3\u017cami <em>w wolnych chwilach<\/em> cz\u0119sto robimy zdj\u0119cia (cho\u0107 zazwyczaj to nie ja jestem modelk\u0105)<\/p>\n<p><span style=\"color: #ffbc01;\"><strong><a style=\"color: #ffbc01;\" href=\"https:\/\/flickrock.com\/volen\" target=\"_blank\" rel=\"noopener\">moje fotografie<\/a><\/strong><\/span> &#8211; w serwisie Flickr (via Flickrock.com)<\/p>\n<p>zajmujemy si\u0119 stolark\u0105, ciesielk\u0105, obr\u00f3bk\u0105 metali, chodzimy na spacery, p\u0119dzimy wino, a tak\u017ce czytamy r\u00f3\u017cne ksi\u0105\u017cki, z kt\u00f3rych rzadko, bo rzadko, ale zdarzy si\u0119 wyrwa\u0107 jaki\u015b \u015bmiechowy cytat<\/p>\n<p><span style=\"color: #ffbc01;\"><a style=\"color: #ffbc01;\" title=\"z\u0142ote g\u0142oski\" href=\"https:\/\/www.volen.pl\/?cat=17\"><strong>z\u0142ote g\u0142oski<\/strong><\/a><\/span> &#8211; jak kto\u015b m\u0105dry co\u015b m\u0105drego napisa\u0142 lub powiedzia\u0142<\/p>\n<p>i czasem, raz na ruski rok, wyrwie mi si\u0119 z piersi krzyk w postaci kr\u00f3tkiego wpisu niekoniecznie turystycznego na<\/p>\n<p><span style=\"color: #ffbc01;\"><a style=\"color: #ffbc01;\" title=\"niepajacuj\" href=\"https:\/\/www.volen.pl\/?cat=2\"><strong>niepajacuj<\/strong><\/a><\/span> &#8211; przemy\u015blenia, kt\u00f3re godz\u0105 w obyczajno\u015b\u0107 lub przyzwoito\u015b\u0107<\/p>\n<p>Kontakt ze mn\u0105 mo\u017cna z\u0142apa\u0107 tutaj: volen [at] volen.pl<\/p>\n<p>\u017bycz\u0119 mi\u0142ej lektury, Przemek Wollenszleger<\/p>\n","protected":false},"excerpt":{"rendered":"<p>o co chodzi ? kr\u00f3tko i na temat ? W 2010 roku spotka\u0142em Ani\u0119. T\u0119&#8230;<\/p>\n<div class=\"more-link-wrapper\"><a class=\"more-link\" href=\"https:\/\/www.volen.pl\/\">Read the post<span class=\"screen-reader-text\">o co cho..?<\/span><\/a><\/div>\n","protected":false},"author":1,"featured_media":2057,"parent":0,"menu_order":0,"comment_status":"open","ping_status":"open","template":"","meta":{"_crdt_document":"{\"document\":\"AAALrPmZgRD2gareDFJMpkDmAg4CFNw+GIIBAwGABAMBvAIDAYYJAwGeBAMBngUDAZYDAwGeBgMBvAUDAZwGAwGkAwMBoAYDAYgBDAMECgMClgESAAYCAQIKSgWCPg4CFJ8BKAKoAMQDIQAoAicABAAnAAQAgQCEAIEAhACBAIQAgQCEAIEAhACBAIQAgQCEAIEAhACBAIQAgQCEAIEAhACBAIQAgQCEAIEAhACBAIQAgQCEAIEAhACBAIQAgQCEAIEAhACBAIQAgQCEAIEAhACBAIQAgQCEAYEAhACBAIQAgQCEAIEAhACBAIQAgQAnACgEJwAoAScABwAoAycAKAAnhBSsE3N0YXRldmVyc2lvbnN0YXRlc2F2ZWRBdHN0YXRlc2F2ZWRCeXZsZSBbIHZvbGVuLnBsc3RhdGV2ZXJzaW9uZG9jdW1lbnRkYXRlZG9jdW1lbnRzbHVnZG9jdW1lbnRzdGF0dXNkb2N1bWVudHRpdGxlbyBjbyBjaG8uLj9kb2N1bWVudGNvbnRlbnRvIGNvIGNob2R6aSA\/IGtyw7N0a28gaSBuYSB0ZW1hdCA\/CgpXIDIwMTAgcm9rdSBzcG90a2HFgmVtIEFuacSZLiBUxJkgd8WCYcWbY2l3xIUga29iaWV0xJkgdyBtb2ltIMW8eWNpdS4gSSBkb2vFgmFkbmllIHphcmF6IHBvIHR5bSwgamFrIHNpxJkgcG96bmFsacWbbXksIHJ1c3p5bGnFm215IHcgxZt3aWF0LgoKTmEgZHppZcWEIGRvYnJ5IGJ5xYJhIEhpc3pwYW5pYSwgcG8gSGlzenBhbmlpIFfFgm9jaHksIGR3YSByYXp5IFBhcnnFvC4gQSBwb3RlbSBiecWCbyBqdcW8IHogZ8OzcmtpLgoKV2lhZG9tbywgamFrIGplc3QgLSBrYcW8ZHkgbWEgamFrxIXFmyBwcmFjxJksIG15IHRlxbwuIEplc3RlxZtteSBsaW1pdG93YW5pIGN6YXNvd28gaSBmaW5hbnNvd28sIGFsZSBwb2Ryw7PFvGUgc3Rhbm93acSFIHdhxbxuxIUgY3rEmcWbxIcgbmFzemVnbyDFvHljaWEuIEx1YmlteSBsZWNpZcSHLCBqZWNoYcSHIGx1YiBpxZvEhyBwcnplZCBzaWViaWUuIEkgamFrIHNpxJkgdWRhLCB0byB0YWsgd8WCYcWbbmllIHJvYmlteSwgcG96b3N0YXdpYWrEhWMgemEgc29ixIUgd3N6eXN0a28gdG8sIGNvIHdhxbxuZSwgYWxlIGNod2lsb3dvIG5pZWlzdG90bmUuCgpBIGRsYSB3c3p5c3RraWNoIHR5Y2gsIGt0w7NyenkgbW5pZSBweXRhbGksIGdkemllIGJ5bGnFm215LCBjbyByb2JpbGnFm215LCBqYWsgYnnFgm8sIGkgd8WCYcWbY2l3aWUgcG8gY28gdGFtIGplY2hhbGnFm215LCB6YWN6xIXFgmVtIHBpc2HEhyB0ZWdvIGJsb2dhLgoKPHNwYW4gc3R5bGU9ImNvbG9yOiAjZmZiYzAxOyI+PGEgc3R5bGU9ImNvbG9yOiAjZmZiYzAxOyIgdGl0bGU9Im5hd2FyaWF0YSIgaHJlZj0iaHR0cDovL3d3dy52b2xlbi5wbC8\/cGFnZV9pZD02MzAiPjxzdHJvbmc+bmF3YXJpYXRhPC9zdHJvbmc+PC9hPjwvc3Bhbj4gLSBwb2Ryw7PFvGUgbWHFgmUgaSBkdcW8ZQoKUG96YSBwb2Ryw7PFvGFtaSA8ZW0+dyB3b2xueWNoIGNod2lsYWNoPC9lbT4gY3rEmXN0byByb2JpbXkgemRqxJljaWEgKGNob8SHIHphend5Y3phaiB0byBuaWUgamEgamVzdGVtIG1vZGVsa8SFKQoKPHNwYW4gc3R5bGU9ImNvbG9yOiAjZmZiYzAxOyI+PHN0cm9uZz48YSBzdHlsZT0iY29sb3I6ICNmZmJjMDE7IiBocmVmPSJodHRwczovL2ZsaWNrcm9jay5jb20vdm9sZW4iIHRhcmdldD0iX2JsYW5rIiByZWw9Im5vb3BlbmVyIj5tb2plIGZvdG9ncmFmaWU8L2E+PC9zdHJvbmc+PC9zcGFuPiAtIHcgc2Vyd2lzaWUgRmxpY2tyICh2aWEgRmxpY2tyb2NrLmNvbSkKCnpham11amVteSBzacSZIHN0b2xhcmvEhSwgY2llc2llbGvEhSwgb2Jyw7Nia8SFIG1ldGFsaSwgY2hvZHppbXkgbmEgc3BhY2VyeSwgcMSZZHppbXkgd2lubywgYSB0YWvFvGUgY3p5dGFteSByw7PFvG5lIGtzacSFxbxraSwgeiBrdMOzcnljaCByemFka28sIGJvIHJ6YWRrbywgYWxlIHpkYXJ6eSBzacSZIHd5cndhxIcgamFracWbIMWbbWllY2hvd3kgY3l0YXQKCjxzcGFuIHN0eWxlPSJjb2xvcjogI2ZmYmMwMTsiPjxhIHN0eWxlPSJjb2xvcjogI2ZmYmMwMTsiIHRpdGxlPSJ6xYJvdGUgZ8WCb3NraSIgaHJlZj0iaHR0cDovL3d3dy52b2xlbi5wbC8\/Y2F0PTE3Ij48c3Ryb25nPnrFgm90ZSBnxYJvc2tpPC9zdHJvbmc+PC9hPjwvc3Bhbj4gLSBqYWsga3RvxZsgbcSFZHJ5IGNvxZsgbcSFZHJlZ28gbmFwaXNhxYIgbHViIHBvd2llZHppYcWCCgppIGN6YXNlbSwgcmF6IG5hIHJ1c2tpIHJvaywgd3lyd2llIG1pIHNpxJkgeiBwaWVyc2kga3J6eWsgdyBwb3N0YWNpIGtyw7N0a2llZ28gd3Bpc3Ugbmlla29uaWVjem5pZSB0dXJ5c3R5Y3puZWdvIG5hCgo8c3BhbiBzdHlsZT0iY29sb3I6ICNmZmJjMDE7Ij48YSBzdHlsZT0iY29sb3I6ICNmZmJjMDE7IiB0aXRsZT0ibmllcGFqYWN1aiIgaHJlZj0iaHR0cDovL3d3dy52b2xlbi5wbC8\/Y2F0PTIiPjxzdHJvbmc+bmllcGFqYWN1ajwvc3Ryb25nPjwvYT48L3NwYW4+IC0gcHJ6ZW15xZtsZW5pYSwga3TDs3JlIGdvZHrEhSB3IG9ieWN6YWpub8WbxIcgbHViIHByenl6d29pdG\/Fm8SHCgpLb250YWt0IHplIG1uxIUgbW\/FvG5hIHrFgmFwYcSHIHR1dGFqOiBvbmF0XQoKxbt5Y3rEmSBtacWCZWogbGVrdHVyeSwgUHJ6ZW1layBXb2xsZW5zemxlZ2VyZG9jdW1lbnRleGNlcnB0ZG9jdW1lbnRhdXRob3Jkb2N1bWVudGZlYXR1cmVkX21lZGlhZG9jdW1lbnRjb21tZW50X3N0YXR1c2RvY3VtZW50cGluZ19zdGF0dXNkb2N1bWVudHRlbXBsYXRlZG9jdW1lbnRtZXRhamV0cGFja19wb3N0X3dhc19ldmVyX3B1Ymxpc2hlZGZvb3Rub3Rlc2RvY3VtZW50YmxvY2tzY2xpZW50SWRpc1ZhbGlkb3JpZ2luYWxDb250ZW50bmFtZWF0dHJpYnV0ZXNjb250ZW50aW5uZXJCbG9ja3MFBwUHBQcBQgAJBQcIBAgECAYIBQsIByEBgAIBngEBowQBjwIBrwIBqwEBjwMBvgIBjgMBsgEBkAMBJEEEKwgHCAYIDggOCAtIAQQfCQgGCAcPBAoHCw8BBwAAAQAAAAEGAAEBAAAHQgEBAEEAAAtBHgZBAAVBAAJBCgIIAH0Be0J52YNhWrAAe0HgAmfNgAAAd5gRPHA+byBjbyBjaG9kemkgPyBrcsOzdGtvIGkgbmEgdGVtYXQgPzwvcD4KPHA+VyAyMDEwIHJva3Ugc3BvdGthxYJlbSBBbmnEmS4gVMSZIHfFgmHFm2Npd8SFIGtvYmlldMSZIHcgbW9pbSDFvHljaXUuIEkgZG9rxYJhZG5pZSB6YXJheiBwbyB0eW0sIGphayBzacSZIHBvem5hbGnFm215LCBydXN6eWxpxZtteSB3IMWbd2lhdC48L3A+CjxwPk5hIGR6aWXFhCBkb2JyeSBiecWCYSBIaXN6cGFuaWEsIHBvIEhpc3pwYW5paSBXxYJvY2h5LCBkd2EgcmF6eSBQYXJ5xbwuIEEgcG90ZW0gYnnFgm8ganXFvCB6IGfDs3JraS48L3A+CjxwPldpYWRvbW8sIGphayBqZXN0IC0ga2HFvGR5IG1hIGpha8SFxZsgcHJhY8SZLCBteSB0ZcW8LiBKZXN0ZcWbbXkgbGltaXRvd2FuaSBjemFzb3dvIGkgZmluYW5zb3dvLCBhbGUgcG9kcsOzxbxlIHN0YW5vd2nEhSB3YcW8bsSFIGN6xJnFm8SHIG5hc3plZ28gxbx5Y2lhLiBMdWJpbXkgbGVjaWXEhywgamVjaGHEhyBsdWIgacWbxIcgcHJ6ZWQgc2llYmllLiBJIGphayBzacSZIHVkYSwgdG8gdGFrIHfFgmHFm25pZSByb2JpbXksIHBvem9zdGF3aWFqxIVjIHphIHNvYsSFIHdzenlzdGtvIHRvLCBjbyB3YcW8bmUsIGFsZSBjaHdpbG93byBuaWVpc3RvdG5lLjwvcD4KPHA+QSBkbGEgd3N6eXN0a2ljaCB0eWNoLCBrdMOzcnp5IG1uaWUgcHl0YWxpLCBnZHppZSBieWxpxZtteSwgY28gcm9iaWxpxZtteSwgamFrIGJ5xYJvLCBpIHfFgmHFm2Npd2llIHBvIGNvIHRhbSBqZWNoYWxpxZtteSwgemFjesSFxYJlbSBwaXNhxIcgdGVnbyBibG9nYS48L3A+CjxwPjxzcGFuIHN0eWxlPSJjb2xvcjogI2ZmYmMwMTsiPjxhIHN0eWxlPSJjb2xvcjogI2ZmYmMwMTsiIHRpdGxlPSJuYXdhcmlhdGEiIGhyZWY9Imh0dHA6Ly93d3cudm9sZW4ucGwvP3BhZ2VfaWQ9NjMwIj48c3Ryb25nPm5hd2FyaWF0YTwvc3Ryb25nPjwvYT48L3NwYW4+IC0gcG9kcsOzxbxlIG1hxYJlIGkgZHXFvGU8L3A+CjxwPlBvemEgcG9kcsOzxbxhbWkgPGVtPncgd29sbnljaCBjaHdpbGFjaDwvZW0+IGN6xJlzdG8gcm9iaW15IHpkasSZY2lhIChjaG\/EhyB6YXp3eWN6YWogdG8gbmllIGphIGplc3RlbSBtb2RlbGvEhSk8L3A+CjxwPjxzcGFuIHN0eWxlPSJjb2xvcjogI2ZmYmMwMTsiPjxzdHJvbmc+PGEgc3R5bGU9ImNvbG9yOiAjZmZiYzAxOyIgaHJlZj0iaHR0cHM6Ly9mbGlja3JvY2suY29tL3ZvbGVuIiB0YXJnZXQ9Il9ibGFuayIgcmVsPSJub29wZW5lciI+bW9qZSBmb3RvZ3JhZmllPC9hPjwvc3Ryb25nPjwvc3Bhbj4gLSB3IHNlcndpc2llIEZsaWNrciAodmlhIEZsaWNrcm9jay5jb20pPC9wPgo8cD56YWptdWplbXkgc2nEmSBzdG9sYXJrxIUsIGNpZXNpZWxrxIUsIG9icsOzYmvEhSBtZXRhbGksIGNob2R6aW15IG5hIHNwYWNlcnksIHDEmWR6aW15IHdpbm8sIGEgdGFrxbxlIGN6eXRhbXkgcsOzxbxuZSBrc2nEhcW8a2ksIHoga3TDs3J5Y2ggcnphZGtvLCBibyByemFka28sIGFsZSB6ZGFyenkgc2nEmSB3eXJ3YcSHIGpha2nFmyDFm21pZWNob3d5IGN5dGF0PC9wPgo8cD48c3BhbiBzdHlsZT0iY29sb3I6ICNmZmJjMDE7Ij48YSBzdHlsZT0iY29sb3I6ICNmZmJjMDE7IiB0aXRsZT0iesWCb3RlIGfFgm9za2kiIGhyZWY9Imh0dHA6Ly93d3cudm9sZW4ucGwvP2NhdD0xNyI+PHN0cm9uZz56xYJvdGUgZ8WCb3NraTwvc3Ryb25nPjwvYT48L3NwYW4+IC0gamFrIGt0b8WbIG3EhWRyeSBjb8WbIG3EhWRyZWdvIG5hcGlzYcWCIGx1YiBwb3dpZWR6aWHFgjwvcD4KPHA+aSBjemFzZW0sIHJheiBuYSBydXNraSByb2ssIHd5cndpZSBtaSBzacSZIHogcGllcnNpIGtyenlrIHcgcG9zdGFjaSBrcsOzdGtpZWdvIHdwaXN1IG5pZWtvbmllY3puaWUgdHVyeXN0eWN6bmVnbyBuYTwvcD4KPHA+PHNwYW4gc3R5bGU9ImNvbG9yOiAjZmZiYzAxOyI+PGEgc3R5bGU9ImNvbG9yOiAjZmZiYzAxOyIgdGl0bGU9Im5pZXBhamFjdWoiIGhyZWY9Imh0dHA6Ly93d3cudm9sZW4ucGwvP2NhdD0yIj48c3Ryb25nPm5pZXBhamFjdWo8L3N0cm9uZz48L2E+PC9zcGFuPiAtIHByemVtecWbbGVuaWEsIGt0w7NyZSBnb2R6xIUgdyBvYnljemFqbm\/Fm8SHIGx1YiBwcnp5endvaXRvxZvEhzwvcD4KPHA+S29udGFrdCB6ZSBtbsSFIG1vxbxuYSB6xYJhcGHEhyB0dXRhajogdm9sZW4gW2F0XSB2b2xlbi5wbDwvcD4KPHA+xbt5Y3rEmSBtacWCZWogbGVrdHVyeSwgUHJ6ZW1layBXb2xsZW5zemxlZ2VyPC9wPlgAdxMyMDEzLTEwLTE1VDEwOjE5OjEwdxJwcnp5a2xhZG93YS1zdHJvbmF3B3B1Ymxpc2h9AX2JIHcEb3BlbncEb3BlbncAeXcAdyQ4OWYzMGRmYi1kZDFhLTRiZGYtYmYzNC04MmQ2ZjM5NDUxNzZ4d5cRPHA+byBjbyBjaG9kemkgPyBrcsOzdGtvIGkgbmEgdGVtYXQgPzwvcD4KPHA+VyAyMDEwIHJva3Ugc3BvdGthxYJlbSBBbmnEmS4gVMSZIHfFgmHFm2Npd8SFIGtvYmlldMSZIHcgbW9pbSDFvHljaXUuIEkgZG9rxYJhZG5pZSB6YXJheiBwbyB0eW0sIGphayBzacSZIHBvem5hbGnFm215LCBydXN6eWxpxZtteSB3IMWbd2lhdC48L3A+CjxwPk5hIGR6aWXFhCBkb2JyeSBiecWCYSBIaXN6cGFuaWEsIHBvIEhpc3pwYW5paSBXxYJvY2h5LCBkd2EgcmF6eSBQYXJ5xbwuIEEgcG90ZW0gYnnFgm8ganXFvCB6IGfDs3JraS48L3A+CjxwPldpYWRvbW8sIGphayBqZXN0IC0ga2HFvGR5IG1hIGpha8SFxZsgcHJhY8SZLCBteSB0ZcW8LiBKZXN0ZcWbbXkgbGltaXRvd2FuaSBjemFzb3dvIGkgZmluYW5zb3dvLCBhbGUgcG9kcsOzxbxlIHN0YW5vd2nEhSB3YcW8bsSFIGN6xJnFm8SHIG5hc3plZ28gxbx5Y2lhLiBMdWJpbXkgbGVjaWXEhywgamVjaGHEhyBsdWIgacWbxIcgcHJ6ZWQgc2llYmllLiBJIGphayBzacSZIHVkYSwgdG8gdGFrIHfFgmHFm25pZSByb2JpbXksIHBvem9zdGF3aWFqxIVjIHphIHNvYsSFIHdzenlzdGtvIHRvLCBjbyB3YcW8bmUsIGFsZSBjaHdpbG93byBuaWVpc3RvdG5lLjwvcD4KPHA+QSBkbGEgd3N6eXN0a2ljaCB0eWNoLCBrdMOzcnp5IG1uaWUgcHl0YWxpLCBnZHppZSBieWxpxZtteSwgY28gcm9iaWxpxZtteSwgamFrIGJ5xYJvLCBpIHfFgmHFm2Npd2llIHBvIGNvIHRhbSBqZWNoYWxpxZtteSwgemFjesSFxYJlbSBwaXNhxIcgdGVnbyBibG9nYS48L3A+CjxwPjxzcGFuIHN0eWxlPSJjb2xvcjogI2ZmYmMwMTsiPjxhIHN0eWxlPSJjb2xvcjogI2ZmYmMwMTsiIHRpdGxlPSJuYXdhcmlhdGEiIGhyZWY9Imh0dHA6Ly93d3cudm9sZW4ucGwvP3BhZ2VfaWQ9NjMwIj48c3Ryb25nPm5hd2FyaWF0YTwvc3Ryb25nPjwvYT48L3NwYW4+IC0gcG9kcsOzxbxlIG1hxYJlIGkgZHXFvGU8L3A+CjxwPlBvemEgcG9kcsOzxbxhbWkgPGVtPncgd29sbnljaCBjaHdpbGFjaDwvZW0+IGN6xJlzdG8gcm9iaW15IHpkasSZY2lhIChjaG\/EhyB6YXp3eWN6YWogdG8gbmllIGphIGplc3RlbSBtb2RlbGvEhSk8L3A+CjxwPjxzcGFuIHN0eWxlPSJjb2xvcjogI2ZmYmMwMTsiPjxzdHJvbmc+PGEgc3R5bGU9ImNvbG9yOiAjZmZiYzAxOyIgaHJlZj0iaHR0cHM6Ly9mbGlja3JvY2suY29tL3ZvbGVuIiB0YXJnZXQ9Il9ibGFuayIgcmVsPSJub29wZW5lciI+bW9qZSBmb3RvZ3JhZmllPC9hPjwvc3Ryb25nPjwvc3Bhbj4gLSB3IHNlcndpc2llIEZsaWNrciAodmlhIEZsaWNrcm9jay5jb20pPC9wPgo8cD56YWptdWplbXkgc2nEmSBzdG9sYXJrxIUsIGNpZXNpZWxrxIUsIG9icsOzYmvEhSBtZXRhbGksIGNob2R6aW15IG5hIHNwYWNlcnksIHDEmWR6aW15IHdpbm8sIGEgdGFrxbxlIGN6eXRhbXkgcsOzxbxuZSBrc2nEhcW8a2ksIHoga3TDs3J5Y2ggcnphZGtvLCBibyByemFka28sIGFsZSB6ZGFyenkgc2nEmSB3eXJ3YcSHIGpha2nFmyDFm21pZWNob3d5IGN5dGF0PC9wPgo8cD48c3BhbiBzdHlsZT0iY29sb3I6ICNmZmJjMDE7Ij48YSBzdHlsZT0iY29sb3I6ICNmZmJjMDE7IiB0aXRsZT0iesWCb3RlIGfFgm9za2kiIGhyZWY9Imh0dHA6Ly93d3cudm9sZW4ucGwvP2NhdD0xNyI+PHN0cm9uZz56xYJvdGUgZ8WCb3NraTwvc3Ryb25nPjwvYT48L3NwYW4+IC0gamFrIGt0b8WbIG3EhWRyeSBjb8WbIG3EhWRyZWdvIG5hcGlzYcWCIGx1YiBwb3dpZWR6aWHFgjwvcD4KPHA+aSBjemFzZW0sIHJheiBuYSBydXNraSByb2ssIHd5cndpZSBtaSBzacSZIHogcGllcnNpIGtyenlrIHcgcG9zdGFjaSBrcsOzdGtpZWdvIHdwaXN1IG5pZWtvbmllY3puaWUgdHVyeXN0eWN6bmVnbyBuYTwvcD4KPHA+PHNwYW4gc3R5bGU9ImNvbG9yOiAjZmZiYzAxOyI+PGEgc3R5bGU9ImNvbG9yOiAjZmZiYzAxOyIgdGl0bGU9Im5pZXBhamFjdWoiIGhyZWY9Imh0dHA6Ly93d3cudm9sZW4ucGwvP2NhdD0yIj48c3Ryb25nPm5pZXBhamFjdWo8L3N0cm9uZz48L2E+PC9zcGFuPiAtIHByemVtecWbbGVuaWEsIGt0w7NyZSBnb2R6xIUgdyBvYnljemFqbm\/Fm8SHIGx1YiBwcnp5endvaXRvxZvEhzwvcD4KPHA+S29udGFrdCB6ZSBtbsSFIG1vxbxuYSB6xYJhcGHEhyB0dXRhajogW3B3ZWJjb250YWN0IGlkPTFdPC9wPgo8cD7Fu3ljesSZIG1pxYJlaiBsZWt0dXJ5LCBQcnplbWVrIFdvbGxlbnN6bGVnZXI8L3A+dw1jb3JlL2ZyZWVmb3Jtd5cRPHA+byBjbyBjaG9kemkgPyBrcsOzdGtvIGkgbmEgdGVtYXQgPzwvcD4KPHA+VyAyMDEwIHJva3Ugc3BvdGthxYJlbSBBbmnEmS4gVMSZIHfFgmHFm2Npd8SFIGtvYmlldMSZIHcgbW9pbSDFvHljaXUuIEkgZG9rxYJhZG5pZSB6YXJheiBwbyB0eW0sIGphayBzacSZIHBvem5hbGnFm215LCBydXN6eWxpxZtteSB3IMWbd2lhdC48L3A+CjxwPk5hIGR6aWXFhCBkb2JyeSBiecWCYSBIaXN6cGFuaWEsIHBvIEhpc3pwYW5paSBXxYJvY2h5LCBkd2EgcmF6eSBQYXJ5xbwuIEEgcG90ZW0gYnnFgm8ganXFvCB6IGfDs3JraS48L3A+CjxwPldpYWRvbW8sIGphayBqZXN0IC0ga2HFvGR5IG1hIGpha8SFxZsgcHJhY8SZLCBteSB0ZcW8LiBKZXN0ZcWbbXkgbGltaXRvd2FuaSBjemFzb3dvIGkgZmluYW5zb3dvLCBhbGUgcG9kcsOzxbxlIHN0YW5vd2nEhSB3YcW8bsSFIGN6xJnFm8SHIG5hc3plZ28gxbx5Y2lhLiBMdWJpbXkgbGVjaWXEhywgamVjaGHEhyBsdWIgacWbxIcgcHJ6ZWQgc2llYmllLiBJIGphayBzacSZIHVkYSwgdG8gdGFrIHfFgmHFm25pZSByb2JpbXksIHBvem9zdGF3aWFqxIVjIHphIHNvYsSFIHdzenlzdGtvIHRvLCBjbyB3YcW8bmUsIGFsZSBjaHdpbG93byBuaWVpc3RvdG5lLjwvcD4KPHA+QSBkbGEgd3N6eXN0a2ljaCB0eWNoLCBrdMOzcnp5IG1uaWUgcHl0YWxpLCBnZHppZSBieWxpxZtteSwgY28gcm9iaWxpxZtteSwgamFrIGJ5xYJvLCBpIHfFgmHFm2Npd2llIHBvIGNvIHRhbSBqZWNoYWxpxZtteSwgemFjesSFxYJlbSBwaXNhxIcgdGVnbyBibG9nYS48L3A+CjxwPjxzcGFuIHN0eWxlPSJjb2xvcjogI2ZmYmMwMTsiPjxhIHN0eWxlPSJjb2xvcjogI2ZmYmMwMTsiIHRpdGxlPSJuYXdhcmlhdGEiIGhyZWY9Imh0dHA6Ly93d3cudm9sZW4ucGwvP3BhZ2VfaWQ9NjMwIj48c3Ryb25nPm5hd2FyaWF0YTwvc3Ryb25nPjwvYT48L3NwYW4+IC0gcG9kcsOzxbxlIG1hxYJlIGkgZHXFvGU8L3A+CjxwPlBvemEgcG9kcsOzxbxhbWkgPGVtPncgd29sbnljaCBjaHdpbGFjaDwvZW0+IGN6xJlzdG8gcm9iaW15IHpkasSZY2lhIChjaG\/EhyB6YXp3eWN6YWogdG8gbmllIGphIGplc3RlbSBtb2RlbGvEhSk8L3A+CjxwPjxzcGFuIHN0eWxlPSJjb2xvcjogI2ZmYmMwMTsiPjxzdHJvbmc+PGEgc3R5bGU9ImNvbG9yOiAjZmZiYzAxOyIgaHJlZj0iaHR0cHM6Ly9mbGlja3JvY2suY29tL3ZvbGVuIiB0YXJnZXQ9Il9ibGFuayIgcmVsPSJub29wZW5lciI+bW9qZSBmb3RvZ3JhZmllPC9hPjwvc3Ryb25nPjwvc3Bhbj4gLSB3IHNlcndpc2llIEZsaWNrciAodmlhIEZsaWNrcm9jay5jb20pPC9wPgo8cD56YWptdWplbXkgc2nEmSBzdG9sYXJrxIUsIGNpZXNpZWxrxIUsIG9icsOzYmvEhSBtZXRhbGksIGNob2R6aW15IG5hIHNwYWNlcnksIHDEmWR6aW15IHdpbm8sIGEgdGFrxbxlIGN6eXRhbXkgcsOzxbxuZSBrc2nEhcW8a2ksIHoga3TDs3J5Y2ggcnphZGtvLCBibyByemFka28sIGFsZSB6ZGFyenkgc2nEmSB3eXJ3YcSHIGpha2nFmyDFm21pZWNob3d5IGN5dGF0PC9wPgo8cD48c3BhbiBzdHlsZT0iY29sb3I6ICNmZmJjMDE7Ij48YSBzdHlsZT0iY29sb3I6ICNmZmJjMDE7IiB0aXRsZT0iesWCb3RlIGfFgm9za2kiIGhyZWY9Imh0dHA6Ly93d3cudm9sZW4ucGwvP2NhdD0xNyI+PHN0cm9uZz56xYJvdGUgZ8WCb3NraTwvc3Ryb25nPjwvYT48L3NwYW4+IC0gamFrIGt0b8WbIG3EhWRyeSBjb8WbIG3EhWRyZWdvIG5hcGlzYcWCIGx1YiBwb3dpZWR6aWHFgjwvcD4KPHA+aSBjemFzZW0sIHJheiBuYSBydXNraSByb2ssIHd5cndpZSBtaSBzacSZIHogcGllcnNpIGtyenlrIHcgcG9zdGFjaSBrcsOzdGtpZWdvIHdwaXN1IG5pZWtvbmllY3puaWUgdHVyeXN0eWN6bmVnbyBuYTwvcD4KPHA+PHNwYW4gc3R5bGU9ImNvbG9yOiAjZmZiYzAxOyI+PGEgc3R5bGU9ImNvbG9yOiAjZmZiYzAxOyIgdGl0bGU9Im5pZXBhamFjdWoiIGhyZWY9Imh0dHA6Ly93d3cudm9sZW4ucGwvP2NhdD0yIj48c3Ryb25nPm5pZXBhamFjdWo8L3N0cm9uZz48L2E+PC9zcGFuPiAtIHByemVtecWbbGVuaWEsIGt0w7NyZSBnb2R6xIUgdyBvYnljemFqbm\/Fm8SHIGx1YiBwcnp5endvaXRvxZvEhzwvcD4KPHA+S29udGFrdCB6ZSBtbsSFIG1vxbxuYSB6xYJhcGHEhyB0dXRhajogW3B3ZWJjb250YWN0IGlkPTFdPC9wPgo8cD7Fu3ljesSZIG1pxYJlaiBsZWt0dXJ5LCBQcnplbWVrIFdvbGxlbnN6bGVnZXI8L3A+AfaAla8GIQAAMQABAIABAAEAXgABAKMCAAEAjwEAAQCvAQABAGsAAQDPAQABAL4BAAEAzgEAAQByAAEA0AEAAQAkBQIAAQABBAEAAQArARAA\",\"updateId\":508438136}","jetpack_post_was_ever_published":false,"footnotes":""},"class_list":["post-2","page","type-page","status-publish","has-post-thumbnail","hentry","excerpt","zoom","full-without-featured","even","excerpt-0"],"jetpack_shortlink":"https:\/\/wp.me\/P4lAri-2","jetpack_sharing_enabled":true,"jetpack-related-posts":[{"id":630,"url":"https:\/\/www.volen.pl\/?page_id=630","url_meta":{"origin":2,"position":0},"title":"nawariata","author":"volen","date":"2014-10-09","format":false,"excerpt":"W kilku miejscach ju\u017c byli\u015bmy, a jak B\u00f3g da, kilka jeszcze zobaczymy. Tu zbiorczy przegl\u0105d naszych woja\u017cy z (gdzieniegdzie) odno\u015bnikami do spis\u00f3w tre\u015bci lub pocz\u0105tkowego posta, gdy\u017c nic mnie tak bardzo nie irytuje, jak konieczno\u015b\u0107 przebijania si\u0119 przez stosy wpis\u00f3w na blogu, by rozpocz\u0105\u0107 czytanie od pocz\u0105tku. Zach\u0119cam, by nie\u2026","rel":"","context":"W \u201efilozofia uliczna&quot;","block_context":{"text":"filozofia uliczna","link":"https:\/\/www.volen.pl\/?cat=2"},"img":{"alt_text":"","src":"","width":0,"height":0},"classes":[]}],"_links":{"self":[{"href":"https:\/\/www.volen.pl\/index.php?rest_route=\/wp\/v2\/pages\/2","targetHints":{"allow":["GET"]}}],"collection":[{"href":"https:\/\/www.volen.pl\/index.php?rest_route=\/wp\/v2\/pages"}],"about":[{"href":"https:\/\/www.volen.pl\/index.php?rest_route=\/wp\/v2\/types\/page"}],"author":[{"embeddable":true,"href":"https:\/\/www.volen.pl\/index.php?rest_route=\/wp\/v2\/users\/1"}],"replies":[{"embeddable":true,"href":"https:\/\/www.volen.pl\/index.php?rest_route=%2Fwp%2Fv2%2Fcomments&post=2"}],"version-history":[{"count":41,"href":"https:\/\/www.volen.pl\/index.php?rest_route=\/wp\/v2\/pages\/2\/revisions"}],"predecessor-version":[{"id":4044,"href":"https:\/\/www.volen.pl\/index.php?rest_route=\/wp\/v2\/pages\/2\/revisions\/4044"}],"wp:featuredmedia":[{"embeddable":true,"href":"https:\/\/www.volen.pl\/index.php?rest_route=\/wp\/v2\/media\/2057"}],"wp:attachment":[{"href":"https:\/\/www.volen.pl\/index.php?rest_route=%2Fwp%2Fv2%2Fmedia&parent=2"}],"curies":[{"name":"wp","href":"https:\/\/api.w.org\/{rel}","templated":true}]}}